{"id":3439,"date":"2020-08-25T18:02:16","date_gmt":"2020-08-25T18:02:16","guid":{"rendered":"https:\/\/granitos.hn\/market\/?post_type=product&#038;p=3439"},"modified":"2020-09-07T16:34:27","modified_gmt":"2020-09-07T22:34:27","slug":"ron-flor-de-cana-centenario-12-anos","status":"publish","type":"product","link":"https:\/\/granitos.hn\/market\/producto\/ron-flor-de-cana-centenario-12-anos\/","title":{"rendered":"Ron Flor de Ca\u00f1a Centenario 12 A\u00f1os"},"content":{"rendered":"","protected":false},"excerpt":{"rendered":"<p>Ron Flor de Ca\u00f1a Centenario 12 A\u00f1os<\/p>\n","protected":false},"featured_media":3440,"template":"","meta":[],"product_brand":[],"product_cat":[152],"product_tag":[],"class_list":{"0":"post-3439","1":"product","2":"type-product","3":"status-publish","4":"has-post-thumbnail","6":"product_cat-licores","8":"first","9":"instock","10":"shipping-taxable","11":"purchasable","12":"product-type-simple"},"_links":{"self":[{"href":"https:\/\/granitos.hn\/market\/wp-json\/wp\/v2\/product\/3439","targetHints":{"allow":["GET"]}}],"collection":[{"href":"https:\/\/granitos.hn\/market\/wp-json\/wp\/v2\/product"}],"about":[{"href":"https:\/\/granitos.hn\/market\/wp-json\/wp\/v2\/types\/product"}],"wp:featuredmedia":[{"embeddable":true,"href":"https:\/\/granitos.hn\/market\/wp-json\/wp\/v2\/media\/3440"}],"wp:attachment":[{"href":"https:\/\/granitos.hn\/market\/wp-json\/wp\/v2\/media?parent=3439"}],"wp:term":[{"taxonomy":"product_brand","embeddable":true,"href":"https:\/\/granitos.hn\/market\/wp-json\/wp\/v2\/product_brand?post=3439"},{"taxonomy":"product_cat","embeddable":true,"href":"https:\/\/granitos.hn\/market\/wp-json\/wp\/v2\/product_cat?post=3439"},{"taxonomy":"product_tag","embeddable":true,"href":"https:\/\/granitos.hn\/market\/wp-json\/wp\/v2\/product_tag?post=3439"}],"curies":[{"name":"wp","href":"https:\/\/api.w.org\/{rel}","templated":true}]}}