{"id":74,"date":"2018-08-24T01:25:26","date_gmt":"2018-08-24T01:25:26","guid":{"rendered":"http:\/\/demo.roadthemes.com\/greenfarm\/?page_id=17"},"modified":"2020-09-03T00:45:16","modified_gmt":"2020-09-03T00:45:16","slug":"contactenos","status":"publish","type":"page","link":"https:\/\/granitos.hn\/market\/contactenos\/","title":{"rendered":"Cont\u00e1ctenos"},"content":{"rendered":"<div class=\"wpb-content-wrapper\">[vc_row][vc_column el_class=&#8221;contact-text&#8221; offset=&#8221;vc_col-lg-3 vc_col-md-3&#8243;][vc_column_text]\n<h3>Cont\u00e1ctenos<\/h3>\n[\/vc_column_text][vc_column_text]\n<ul>\n<li><i class=\"fa fa-home\" aria-hidden=\"true\">icon<\/i><br \/>\n<h4>Direcci\u00f3n<\/h4>\n<p>Calle Los Alcaldes, Tegucigalpa, Honduras<\/li>\n<li><i class=\"fa fa-envelope-open-o\" aria-hidden=\"true\">icon<\/i><br \/>\n<h4>Tel\u00e9fono<\/h4>\n<p>Tel\u00e9fono: +504 9778-7602<\/li>\n<li><i class=\"fa fa-phone\" aria-hidden=\"true\">icon<\/i><br \/>\n<h4>Email<\/h4>\n<p>market@granitos.hn<\/li>\n<\/ul>\n[\/vc_column_text][\/vc_column][vc_column offset=&#8221;vc_col-lg-1 vc_col-md-1 vc_hidden-sm&#8221;][\/vc_column][vc_column el_class=&#8221;contact-form&#8221; offset=&#8221;vc_col-lg-8 vc_col-md-8&#8243;][vc_column_text]\n<h3>Env\u00edenos Un Mensaje<\/h3>\n[\/vc_column_text]<div class=\"wpforms-container wpforms-container-full\" id=\"wpforms-3317\"><form id=\"wpforms-form-3317\" class=\"wpforms-validate wpforms-form\" data-formid=\"3317\" method=\"post\" enctype=\"multipart\/form-data\" action=\"\/market\/wp-json\/wp\/v2\/pages\/74\" data-token=\"ef5f3aac107356fa33dc500144755bfb\" data-token-time=\"1777141584\"><noscript class=\"wpforms-error-noscript\">Por favor, activa JavaScript en tu navegador para completar este formulario.<\/noscript><div class=\"wpforms-field-container\"><div id=\"wpforms-3317-field_1-container\" class=\"wpforms-field wpforms-field-name\" data-field-id=\"1\"><label class=\"wpforms-field-label\">Nombre <span class=\"wpforms-required-label\">*<\/span><\/label><div class=\"wpforms-field-row wpforms-field-large\"><div class=\"wpforms-field-row-block wpforms-first wpforms-one-half\"><input type=\"text\" id=\"wpforms-3317-field_1\" class=\"wpforms-field-name-first wpforms-field-required\" name=\"wpforms[fields][1][first]\" required><label for=\"wpforms-3317-field_1\" class=\"wpforms-field-sublabel after\">Nombre<\/label><\/div><div class=\"wpforms-field-row-block wpforms-one-half\"><input type=\"text\" id=\"wpforms-3317-field_1-last\" class=\"wpforms-field-name-last wpforms-field-required\" name=\"wpforms[fields][1][last]\" required><label for=\"wpforms-3317-field_1-last\" class=\"wpforms-field-sublabel after\">Apellidos<\/label><\/div><\/div><\/div><div id=\"wpforms-3317-field_2-container\" class=\"wpforms-field wpforms-field-email\" data-field-id=\"2\"><label class=\"wpforms-field-label\" for=\"wpforms-3317-field_2\">Correo electr\u00f3nico <span class=\"wpforms-required-label\">*<\/span><\/label><input type=\"email\" id=\"wpforms-3317-field_2\" class=\"wpforms-field-large wpforms-field-required\" name=\"wpforms[fields][2]\" spellcheck=\"false\" required><\/div><div id=\"wpforms-3317-field_3-container\" class=\"wpforms-field wpforms-field-text\" data-field-id=\"3\"><label class=\"wpforms-field-label\" for=\"wpforms-3317-field_3\">Tel\u00e9fono <span class=\"wpforms-required-label\">*<\/span><\/label><input type=\"text\" id=\"wpforms-3317-field_3\" class=\"wpforms-field-large wpforms-field-required\" name=\"wpforms[fields][3]\" required><\/div><div id=\"wpforms-3317-field_4-container\" class=\"wpforms-field wpforms-field-textarea\" data-field-id=\"4\"><label class=\"wpforms-field-label\" for=\"wpforms-3317-field_4\">Mensaje <span class=\"wpforms-required-label\">*<\/span><\/label><textarea id=\"wpforms-3317-field_4\" class=\"wpforms-field-large wpforms-field-required\" name=\"wpforms[fields][4]\" required><\/textarea><\/div><\/div><!-- .wpforms-field-container --><div class=\"wpforms-field wpforms-field-hp\"><label for=\"wpforms-3317-field-hp\" class=\"wpforms-field-label\">Email<\/label><input type=\"text\" name=\"wpforms[hp]\" id=\"wpforms-3317-field-hp\" class=\"wpforms-field-medium\"><\/div><div class=\"wpforms-submit-container\" ><input type=\"hidden\" name=\"wpforms[id]\" value=\"3317\"><input type=\"hidden\" name=\"page_title\" value=\"\"><input type=\"hidden\" name=\"page_url\" value=\"https:\/\/granitos.hn\/market\/wp-json\/wp\/v2\/pages\/74\"><input type=\"hidden\" name=\"url_referer\" value=\"\"><button type=\"submit\" name=\"wpforms[submit]\" id=\"wpforms-submit-3317\" class=\"wpforms-submit\" data-alt-text=\"Enviando...\" data-submit-text=\"Enviar\" aria-live=\"assertive\" value=\"wpforms-submit\">Enviar<\/button><\/div><\/form><\/div>  <!-- .wpforms-container -->[\/vc_column][\/vc_row]\n<\/div>","protected":false},"excerpt":{"rendered":"<p>[vc_row][vc_column el_class=&#8221;contact-text&#8221; offset=&#8221;vc_col-lg-3 vc_col-md-3&#8243;][vc_column_text] Cont\u00e1ctenos [\/vc_column_text][vc_column_text] icon Direcci\u00f3n Calle Los Alcaldes, Tegucigalpa, Honduras icon Tel\u00e9fono Tel\u00e9fono: +504 9778-7602 icon Email market@granitos.hn [\/vc_column_text][\/vc_column][vc_column offset=&#8221;vc_col-lg-1 vc_col-md-1 vc_hidden-sm&#8221;][\/vc_column][vc_column el_class=&#8221;contact-form&#8221; offset=&#8221;vc_col-lg-8 vc_col-md-8&#8243;][vc_column_text] Env\u00edenos Un Mensaje [\/vc_column_text][\/vc_column][\/vc_row]<\/p>\n","protected":false},"author":1,"featured_media":0,"parent":0,"menu_order":0,"comment_status":"closed","ping_status":"closed","template":"page-templates\/contact-page.php","meta":{"footnotes":""},"class_list":["post-74","page","type-page","status-publish","hentry"],"_links":{"self":[{"href":"https:\/\/granitos.hn\/market\/wp-json\/wp\/v2\/pages\/74","targetHints":{"allow":["GET"]}}],"collection":[{"href":"https:\/\/granitos.hn\/market\/wp-json\/wp\/v2\/pages"}],"about":[{"href":"https:\/\/granitos.hn\/market\/wp-json\/wp\/v2\/types\/page"}],"author":[{"embeddable":true,"href":"https:\/\/granitos.hn\/market\/wp-json\/wp\/v2\/users\/1"}],"replies":[{"embeddable":true,"href":"https:\/\/granitos.hn\/market\/wp-json\/wp\/v2\/comments?post=74"}],"version-history":[{"count":6,"href":"https:\/\/granitos.hn\/market\/wp-json\/wp\/v2\/pages\/74\/revisions"}],"predecessor-version":[{"id":3488,"href":"https:\/\/granitos.hn\/market\/wp-json\/wp\/v2\/pages\/74\/revisions\/3488"}],"wp:attachment":[{"href":"https:\/\/granitos.hn\/market\/wp-json\/wp\/v2\/media?parent=74"}],"curies":[{"name":"wp","href":"https:\/\/api.w.org\/{rel}","templated":true}]}}